{"id":142,"date":"2025-10-18T22:06:46","date_gmt":"2025-10-18T22:06:46","guid":{"rendered":"https:\/\/www.mesoft.ma\/wordpress\/?page_id=142"},"modified":"2025-10-24T11:24:12","modified_gmt":"2025-10-24T11:24:12","slug":"142-2","status":"publish","type":"page","link":"https:\/\/www.mesoft.ma\/?page_id=142","title":{"rendered":"GED"},"content":{"rendered":"\n<h1 class=\"wp-block-heading\"><mark style=\"background-color:rgba(0, 0, 0, 0)\" class=\"has-inline-color has-accent-3-color\">Solution de Gestion documentaire ax\u00e9e  sur la Gestion Electronique du Courrier, des dossiers et des activit\u00e9s<\/mark><\/h1>\n\n\n\n<hr class=\"wp-block-separator has-alpha-channel-opacity\"\/>\n\n\n\n<ol style=\"list-style-type:upper-roman\" class=\"wp-block-list\"><\/ol>\n\n\n\n<h4 class=\"wp-block-heading\"><strong><mark style=\"background-color:rgba(0, 0, 0, 0)\" class=\"has-inline-color has-accent-3-color\">I- CONTEXTE DE LA SOLUTION<\/mark><\/strong><\/h4>\n\n\n\n<ul class=\"wp-block-list has-medium-font-size\"><\/ul>\n\n\n\n<blockquote class=\"wp-block-quote is-layout-flow wp-block-quote-is-layout-flow\">\n<p class=\"has-text-align-left has-medium-font-size\">Les administrations, qu&rsquo;elles soient publiques ou priv\u00e9es, sont amen\u00e9es \u00e0 traiter quotidiennement un volume important de courriers et de dossiers, ce qui n\u00e9cessite du tri, de la consultation, de l&rsquo;impression, de la distribution, du classement et de l&rsquo;archivage. Par cons\u00e9quent, leur gestion est devenue un enjeu prioritaire pour les managers et les collaborateurs de ces organismes.<\/p>\n<\/blockquote>\n\n\n\n<p class=\"has-text-align-left has-medium-font-size\">C\u2019est pourquoi ME SOFTWARE a d\u00e9velopp\u00e9 une solution visant la modernisation de la gestion et du traitement de vos courriers et dossiers.<\/p>\n\n\n\n<h4 class=\"wp-block-heading\"><strong><mark style=\"background-color:rgba(0, 0, 0, 0)\" class=\"has-inline-color has-accent-3-color\">II- OBJECTIF DE LA SOLUTION<\/mark><\/strong><\/h4>\n\n\n\n<ul class=\"wp-block-list has-medium-font-size\"><\/ul>\n\n\n\n<blockquote class=\"wp-block-quote is-layout-flow wp-block-quote-is-layout-flow\">\n<p class=\"has-medium-font-size\">Instaurer un outil puissant permettant l\u2019automatisation et la fluidification des processus d\u2019administration et de la gestion de vos courriers et dossiers, depuis leur r\u00e9ception (papier), leur num\u00e9risation, leur indexation, leur validation, leur partage, leur suivi et la r\u00e9daction de leur r\u00e9ponse, jusqu\u2019\u00e0 leur classement et archivage.<\/p>\n<\/blockquote>\n\n\n\n<p class=\"has-medium-font-size\"><strong><mark style=\"background-color:rgba(0, 0, 0, 0)\" class=\"has-inline-color has-accent-3-color\">III- VALEURS AJOUTEES&nbsp;DE LA SOLUTION<\/mark><\/strong><\/p>\n\n\n\n<ul class=\"wp-block-list has-medium-font-size\">\n<li><strong>Gain de temps et acc\u00e9l\u00e9ration du traitement<\/strong><\/li>\n<\/ul>\n\n\n\n<blockquote class=\"wp-block-quote has-medium-font-size is-layout-flow wp-block-quote-is-layout-flow\">\n<p class=\"has-medium-font-size\">L&rsquo;automatisation des processus m\u00e8ne \u00e0 une r\u00e9duction des manipulations et, par suite, \u00e0 une diminution des temps de traitement. &nbsp;&nbsp;&nbsp;<\/p>\n<\/blockquote>\n\n\n\n<p class=\"has-medium-font-size\">\u00ab&nbsp;<strong><em>Un agent peut passer 20 \u00e0 40% de son temps \u00e0 chercher une&nbsp;information&nbsp;\u00bb.<\/em><\/strong><\/p>\n\n\n\n<ul class=\"wp-block-list has-medium-font-size\">\n<li><strong>R\u00e9duction de co\u00fbts traitement:<\/strong><\/li>\n<\/ul>\n\n\n\n<blockquote class=\"wp-block-quote has-medium-font-size is-layout-flow wp-block-quote-is-layout-flow\">\n<p class=\"has-medium-font-size\">Gain de temps = une r\u00e9duction des co\u00fbts, en plus la d\u00e9mat\u00e9rialisation de processus conduit \u00e0 une r\u00e9duction \u00e9norme de la consommation de papier.<\/p>\n<\/blockquote>\n\n\n\n<p class=\"has-medium-font-size\"><strong><em>D\u2019apr\u00e8s des \u00e9tudes, la d\u00e9mat\u00e9rialisation du courrier peut r\u00e9duire moyennement jusqu\u2019au 50% des co\u00fbts de traitement (impression, photocopie, affranchissement et stockage)<\/em><\/strong><\/p>\n\n\n\n<ul class=\"wp-block-list has-medium-font-size\">\n<li><strong>Optimisation de la gestion <\/strong>documentaires<\/li>\n<\/ul>\n\n\n\n<blockquote class=\"wp-block-quote has-medium-font-size is-layout-flow wp-block-quote-is-layout-flow\">\n<p>Am\u00e9liore la tra\u00e7abilit\u00e9, la s\u00e9curit\u00e9 et la conformit\u00e9 de vos fonds documentaires et augmenter l\u2019efficience de votre organisme.<\/p>\n<\/blockquote>\n\n\n\n<blockquote class=\"wp-block-quote is-layout-flow wp-block-quote-is-layout-flow\">\n<p class=\"has-medium-font-size\"><strong>Ce module, <\/strong>vous garantit une gestion modernis\u00e9e de vos courriers ainsi une utilisation simple, efficace et hautement s\u00e9curis\u00e9e.<\/p>\n<\/blockquote>\n\n\n\n<p><strong><mark style=\"background-color:rgba(0, 0, 0, 0)\" class=\"has-inline-color has-accent-3-color\">IV- MODULES DE LA SOLUTION<\/mark><\/strong><\/p>\n\n\n\n<ol class=\"wp-block-list\">\n<li><strong><mark style=\"background-color:rgba(0, 0, 0, 0)\" class=\"has-inline-color has-accent-4-color\">GESTION COURRIER GIC<\/mark><\/strong><\/li>\n<\/ol>\n\n\n\n<ol style=\"list-style-type:upper-roman\" class=\"wp-block-list has-medium-font-size\"><\/ol>\n\n\n\n<blockquote class=\"wp-block-quote is-layout-flow wp-block-quote-is-layout-flow\">\n<p>Le module <strong>Gestion Courrier GEC<\/strong> (Gestion \u00c9lectronique du Courrier) modernise le traitement des courriers (papier et \u00e9lectronique) pour le rendre <strong>simple, efficace et hautement s\u00e9curis\u00e9<\/strong>. Il permet la d\u00e9mat\u00e9rialisation et le classement centralis\u00e9 des documents, facilitant leur distribution rapide vers les services concern\u00e9s. Ce syst\u00e8me assure une <strong>tra\u00e7abilit\u00e9 compl\u00e8te<\/strong> du flux de chaque courrier et une <strong>s\u00e9curit\u00e9<\/strong> renforc\u00e9e d&rsquo;acc\u00e8s. C&rsquo;est une solution strat\u00e9gique qui optimise les processus internes, r\u00e9duit les co\u00fbts et am\u00e9liore significativement la r\u00e9activit\u00e9 de votre organisation.<\/p>\n<\/blockquote>\n\n\n\n<ol class=\"wp-block-list has-medium-font-size\"><\/ol>\n\n\n\n<div class=\"wp-block-columns is-layout-flex wp-container-core-columns-is-layout-28f84493 wp-block-columns-is-layout-flex\">\n<div class=\"wp-block-column is-layout-flow wp-block-column-is-layout-flow\" style=\"flex-basis:100%\">\n<blockquote class=\"wp-block-quote is-style-plain is-layout-flow wp-block-quote-is-layout-flow is-style-plain--1\">\n<details class=\"wp-block-details is-layout-flow wp-block-details-is-layout-flow\"><summary><strong>Fonctionnalit\u00e9s offertes :<\/strong><\/summary>\n<ul class=\"wp-block-list has-medium-font-size\">\n<li>Suivi des courriers entrants\/sortants.<\/li>\n\n\n\n<li>Workflow pour le traitement de courrier (validation, visa, filigrane, code bare, transmission \/partage, bordereau d\u2019envoi, accus\u00e9 de r\u00e9ception, Envoi notification)<\/li>\n\n\n\n<li>Suivi DRAFT courriers<\/li>\n\n\n\n<li>Suivi des courriers archives\/rejets.<\/li>\n\n\n\n<li>R\u00e9f\u00e9rencement courrier<\/li>\n\n\n\n<li>Courrier OCR.<\/li>\n\n\n\n<li>Classement courrier (Administration des espaces de classement et D\u00e9mat\u00e9rialisation et stockage des pi\u00e8ces des dossiers.<\/li>\n\n\n\n<li>Recherche personnalis\u00e9e (r\u00e9f\u00e9rences courrier, date, Objet, exp\u00e9diteur, destnatinaire.).<\/li>\n<\/ul>\n<\/details>\n<\/blockquote>\n<\/div>\n<\/div>\n\n\n\n<p>    <strong>2. DOSSIERS<\/strong><\/p>\n\n\n\n<blockquote class=\"wp-block-quote is-layout-flow wp-block-quote-is-layout-flow\">\n<p class=\"has-medium-font-size\">Vu l\u2019augmentation incessante des volumes des dossiers papier ou num\u00e9riques et avec les probl\u00e8mes de gestion, cette solution est votre outil pr\u00e9conis\u00e9 pour r\u00e9pondre \u00e0 vos besoins en termes d\u2019\u00e9change, de stockage et d\u2019acc\u00e8s partag\u00e9.<\/p>\n<\/blockquote>\n\n\n\n<details class=\"wp-block-details is-layout-flow wp-block-details-is-layout-flow\"><summary><strong><u>Fonctionnalit\u00e9s offertes :<\/u><\/strong><\/summary>\n<ul class=\"wp-block-list has-medium-font-size\">\n<li>G\u00e9n\u00e9ration automatiques des dossiers \u00e0 partir de courrier<\/li>\n\n\n\n<li>Partage des dossiers<\/li>\n\n\n\n<li>S\u00e9curisation d\u2019acc\u00e8s aux dossiers<\/li>\n\n\n\n<li>Dossier OCR.<\/li>\n\n\n\n<li>Recherche fulltext.<\/li>\n<\/ul>\n<\/details>\n\n\n\n<p>     3. <strong>MODULE AGENDA COLLABORATIF <\/strong><\/p>\n\n\n\n<ul class=\"wp-block-list has-medium-font-size\"><\/ul>\n\n\n\n<blockquote class=\"wp-block-quote is-layout-flow wp-block-quote-is-layout-flow\">\n<p class=\"has-medium-font-size\">Le travail collaboratif tend du jour en jour vers la croissance, planifier une r\u00e9union, un \u00e9v\u00e9nement ou mission font partie du quotidiennes des agents de l\u2019organisme, la solution vous offert un agenda collaboratif pour mieux g\u00e9rer et optimiser votre temps et vous donnes une meilleure visibilit\u00e9 de vos engagements.<\/p>\n<\/blockquote>\n\n\n\n<p>    4. <strong>MEDIA-365<\/strong><\/p>\n\n\n\n<ul class=\"wp-block-list has-medium-font-size\"><\/ul>\n\n\n\n<blockquote class=\"wp-block-quote is-layout-flow wp-block-quote-is-layout-flow\">\n<p class=\"has-medium-font-size\">Le pr\u00e9sent module vos offre une biblioth\u00e8que virtuelle dans laquelle rang\u00e9s vos bases de donn\u00e9es num\u00e9riques (notes, textes, discours, livres, Magasines, Formations, s\u00e9minaires, photos, sons et vid\u00e9os.).<\/p>\n<\/blockquote>\n","protected":false},"excerpt":{"rendered":"<p>Solution de Gestion documentaire ax\u00e9e sur la Gestion Electronique du Courrier, des dossiers et des activit\u00e9s I- CONTEXTE DE LA SOLUTION Les administrations, qu&rsquo;elles soient publiques ou priv\u00e9es, sont amen\u00e9es \u00e0 traiter quotidiennement un volume important de courriers et de dossiers, ce qui n\u00e9cessite du tri, de la consultation, de l&rsquo;impression, de la distribution, du [&hellip;]<\/p>\n","protected":false},"author":1,"featured_media":0,"parent":0,"menu_order":0,"comment_status":"closed","ping_status":"closed","template":"","meta":{"footnotes":"[]"},"class_list":["post-142","page","type-page","status-publish","hentry"],"_links":{"self":[{"href":"https:\/\/www.mesoft.ma\/index.php?rest_route=\/wp\/v2\/pages\/142","targetHints":{"allow":["GET"]}}],"collection":[{"href":"https:\/\/www.mesoft.ma\/index.php?rest_route=\/wp\/v2\/pages"}],"about":[{"href":"https:\/\/www.mesoft.ma\/index.php?rest_route=\/wp\/v2\/types\/page"}],"author":[{"embeddable":true,"href":"https:\/\/www.mesoft.ma\/index.php?rest_route=\/wp\/v2\/users\/1"}],"replies":[{"embeddable":true,"href":"https:\/\/www.mesoft.ma\/index.php?rest_route=%2Fwp%2Fv2%2Fcomments&post=142"}],"version-history":[{"count":13,"href":"https:\/\/www.mesoft.ma\/index.php?rest_route=\/wp\/v2\/pages\/142\/revisions"}],"predecessor-version":[{"id":260,"href":"https:\/\/www.mesoft.ma\/index.php?rest_route=\/wp\/v2\/pages\/142\/revisions\/260"}],"wp:attachment":[{"href":"https:\/\/www.mesoft.ma\/index.php?rest_route=%2Fwp%2Fv2%2Fmedia&parent=142"}],"curies":[{"name":"wp","href":"https:\/\/api.w.org\/{rel}","templated":true}]}}