{"id":20,"date":"2024-11-20T21:21:09","date_gmt":"2024-11-20T21:21:09","guid":{"rendered":"https:\/\/www.mesoft.ma\/wordpress\/?page_id=20"},"modified":"2025-12-18T07:20:13","modified_gmt":"2025-12-18T07:20:13","slug":"accueil","status":"publish","type":"page","link":"https:\/\/www.mesoft.ma\/","title":{"rendered":"Accueil"},"content":{"rendered":"\n<div class=\"wp-block-cover alignwide\" style=\"margin-top:0;margin-bottom:0;padding-top:100px;padding-bottom:100px;min-height:483px;aspect-ratio:unset;\"><img loading=\"lazy\" decoding=\"async\" width=\"696\" height=\"360\" class=\"wp-block-cover__image-background wp-image-247 size-full\" alt=\"\" src=\"https:\/\/www.mesoft.ma\/wordpress\/wp-content\/uploads\/2025\/10\/pont_hassan_5.jpg\" style=\"object-position:65% 66%\" data-object-fit=\"cover\" data-object-position=\"65% 66%\" srcset=\"https:\/\/www.mesoft.ma\/wordpress\/wp-content\/uploads\/2025\/10\/pont_hassan_5.jpg 696w, https:\/\/www.mesoft.ma\/wordpress\/wp-content\/uploads\/2025\/10\/pont_hassan_5-300x155.jpg 300w\" sizes=\"auto, (max-width: 696px) 100vw, 696px\" \/><span aria-hidden=\"true\" class=\"wp-block-cover__background has-background-dim-30 has-background-dim\" style=\"background-color:#6f6f6e\"><\/span><div class=\"wp-block-cover__inner-container is-layout-flow wp-container-core-cover-is-layout-72b27c09 wp-block-cover-is-layout-flow\">\n<h5 class=\"wp-block-heading has-text-align-center is-style-default has-text-color\" style=\"color:#ffffff;margin-top:1px;margin-right:0;font-size:clamp(23.043px, 1.44rem + ((1vw - 3.2px) * 1.466), 38px);line-height:1.4\"><strong><sup><mark style=\"background-color:rgba(0, 0, 0, 0)\" class=\"has-inline-color has-accent-1-color\">Asset Optimizer IDS arrive au Maroc<\/mark><\/sup><mark style=\"background-color:rgba(0, 0, 0, 0)\" class=\"has-inline-color has-base-color\"> <\/mark><\/strong><\/h5>\n\n\n\n<h2 class=\"wp-block-heading has-text-align-center has-x-large-font-size\"><strong><sup><mark style=\"background-color:rgba(0, 0, 0, 0)\" class=\"has-inline-color has-base-color\">Optimisation des Actifs<\/mark><\/sup><\/strong><\/h2>\n\n\n\n<p class=\"has-text-align-center\"><sup><strong><mark style=\"background-color:rgba(0, 0, 0, 0)\" class=\"has-inline-color has-accent-1-color\"> <\/mark><\/strong><\/sup><\/p>\n\n\n\n<h2 class=\"wp-block-heading has-text-align-center has-large-font-size\"><sup><strong><mark style=\"background-color:rgba(0, 0, 0, 0)\" class=\"has-inline-color has-accent-1-color\">Me Software Partenaire Exclusif <\/mark><\/strong><\/sup><\/h2>\n\n\n\n<div class=\"wp-block-group has-global-padding is-layout-constrained wp-container-core-group-is-layout-704e782a wp-block-group-is-layout-constrained\">\n<div class=\"wp-block-columns is-layout-flex wp-container-core-columns-is-layout-59e203da wp-block-columns-is-layout-flex\" style=\"padding-right:0;padding-left:0\">\n<div class=\"wp-block-column is-layout-flow wp-container-core-column-is-layout-89ac7667 wp-block-column-is-layout-flow\" style=\"flex-basis:100%\"><\/div>\n<\/div>\n<\/div>\n\n\n\n<figure class=\"wp-block-image aligncenter size-full\"><img loading=\"lazy\" decoding=\"async\" width=\"231\" height=\"77\" src=\"https:\/\/www.mesoft.ma\/wordpress\/wp-content\/uploads\/2025\/10\/image-4.png\" alt=\"\" class=\"wp-image-225\"\/><\/figure>\n<\/div><\/div>\n\n\n\n<blockquote class=\"wp-block-quote is-layout-flow wp-block-quote-is-layout-flow\">\n<blockquote class=\"wp-block-quote is-layout-flow wp-block-quote-is-layout-flow\">\n<div class=\"wp-block-group is-vertical is-layout-flex wp-container-core-group-is-layout-fe9cc265 wp-block-group-is-layout-flex\">\n<h3 class=\"wp-block-heading has-text-align-left is-style-default has-medium-font-size\">L&rsquo;arriv\u00e9e au Maroc de la solution <strong>Asset Optimizer<\/strong> d&rsquo;<strong>IDS<\/strong>, reconnue aux \u00c9tats-Unis et au Canada, est un atout strat\u00e9gique pour l&rsquo;optimisation des infrastructures.<\/h3>\n\n\n\n<h3 class=\"wp-block-heading is-style-default has-medium-font-size\">Elle promet un <strong>gain d&rsquo;investissement significatif<\/strong> (ROI \u00e9lev\u00e9) gr\u00e2ce \u00e0 des \u00e9conomies substantielles et la prolongation de la vie des actifs.<\/h3>\n\n\n\n<p class=\"has-text-align-left is-style-default has-medium-font-size\">La soci\u00e9t\u00e9 <strong>Me Software<\/strong> assure la <strong>distribution, la mise en \u0153uvre et l&rsquo;assistance technique<\/strong> des solutions IDS au Maroc, en tant que <strong>partenaire exclusif<\/strong>.<\/p>\n<\/div>\n<\/blockquote>\n<\/blockquote>\n\n\n\n<p><a href=\"https:\/\/ids.consulting\/solutions\/asset-optimizer\/\"><sup><mark style=\"background-color:rgba(0, 0, 0, 0)\" class=\"has-inline-color has-accent-3-color\">Voir Plus sur la Solution<\/mark><\/sup><\/a><\/p>\n\n\n\n<div class=\"wp-block-cover alignfull is-light\" style=\"margin-top:0;margin-bottom:0;padding-top:100px;padding-bottom:100px;min-height:85vh;aspect-ratio:unset;\"><img decoding=\"async\" class=\"wp-block-cover__image-background wp-image-1598\" alt=\"\" src=\"https:\/\/tyler.com\/wp-content\/uploads\/2023\/11\/Fresh-Home-Hero-Cover-Image.jpeg\" style=\"object-position:84% 22%\" data-object-fit=\"cover\" data-object-position=\"84% 22%\"\/><span aria-hidden=\"true\" class=\"wp-block-cover__background has-background-dim-30 has-background-dim\"><\/span><div class=\"wp-block-cover__inner-container is-layout-flow wp-container-core-cover-is-layout-72b27c09 wp-block-cover-is-layout-flow\">\n<h1 class=\"wp-block-heading has-text-align-center is-style-default has-text-color\" style=\"color:#ffffff;margin-top:1px;margin-right:0;font-size:clamp(26.944px, 1.684rem + ((1vw - 3.2px) * 1.868), 46px);line-height:1.4\"><sup>Vos Solutions Informatiques Sur Mesure !<\/sup><\/h1>\n\n\n\n<div class=\"wp-block-group has-global-padding is-layout-constrained wp-container-core-group-is-layout-704e782a wp-block-group-is-layout-constrained\">\n<div class=\"wp-block-columns is-layout-flex wp-container-core-columns-is-layout-59e203da wp-block-columns-is-layout-flex\" style=\"padding-right:0;padding-left:0\">\n<div class=\"wp-block-column is-layout-flow wp-container-core-column-is-layout-89ac7667 wp-block-column-is-layout-flow\" style=\"flex-basis:100%\">\n<div class=\"wp-block-buttons is-content-justification-center is-layout-flex wp-container-core-buttons-is-layout-a5792793 wp-block-buttons-is-layout-flex\" style=\"margin-top:50px\">\n<div class=\"wp-block-button has-custom-width wp-block-button__width-25\"><a class=\"wp-block-button__link has-text-color has-background has-raleway-font-family has-text-align-center has-custom-font-size wp-element-button\" href=\"https:\/\/www.mesoft.ma\/wordpress\/?page_id=58\" style=\"border-radius:0px;color:#000000;background-color:#f8c761;padding-top:20px;padding-right:50px;padding-bottom:20px;padding-left:50px;font-size:clamp(14px, 0.875rem + ((1vw - 3.2px) * 0.392), 18px);font-style:normal;font-weight:500\">En savoir Plus &#8230;<\/a><\/div>\n<\/div>\n<\/div>\n<\/div>\n<\/div>\n<\/div><\/div>\n\n\n\n<div class=\"wp-block-group alignfull has-background has-global-padding is-layout-constrained wp-container-core-group-is-layout-f742814b wp-block-group-is-layout-constrained\" style=\"border-bottom-style:none;border-bottom-width:0px;background-color:#ebeadf;margin-top:0;margin-bottom:0;padding-top:100px;padding-right:20px;padding-bottom:0px;padding-left:20px\">\n<div class=\"wp-block-columns is-layout-flex wp-container-core-columns-is-layout-bb045670 wp-block-columns-is-layout-flex\" style=\"padding-top:0px\">\n<div class=\"wp-block-column is-layout-flow wp-block-column-is-layout-flow\" style=\"border-bottom-width:2px;padding-right:20px;padding-bottom:20px;padding-left:0px\">\n<h2 class=\"wp-block-heading has-text-align-left has-text-color has-link-color wp-elements-0ffebda2fd8d83bc3e818339d6eb9f6a\" style=\"color:#000000;font-size:clamp(29.768px, 1.861rem + ((1vw - 3.2px) * 2.18), 52px);font-style:normal;font-weight:500\">1.<\/h2>\n\n\n\n<p class=\"has-text-align-left has-text-color has-roboto-serif-font-family\" style=\"color:#000000;font-size:clamp(14px, 0.875rem + ((1vw - 3.2px) * 0.196), 16px);font-style:normal;font-weight:400\">Une expertise de 27 ans pour des solutions performantes et fiables.<\/p>\n<\/div>\n\n\n\n<div class=\"wp-block-column is-layout-flow wp-block-column-is-layout-flow\" style=\"border-bottom-width:2px;padding-right:20px;padding-bottom:20px;padding-left:0px\">\n<h2 class=\"wp-block-heading has-text-align-left has-text-color has-link-color wp-elements-fb8f52ffb55578cc73a01b4e651f5bfa\" style=\"color:#000000;font-size:clamp(29.768px, 1.861rem + ((1vw - 3.2px) * 2.18), 52px);font-style:normal;font-weight:500\">2.<\/h2>\n\n\n\n<p class=\"has-text-align-left has-text-color has-roboto-serif-font-family\" style=\"color:#000000;font-size:clamp(14px, 0.875rem + ((1vw - 3.2px) * 0.196), 16px);font-style:normal;font-weight:400\">Des solutions personnalis\u00e9es, adapt\u00e9es \u00e0 vos besoins sp\u00e9cifiques.<\/p>\n<\/div>\n\n\n\n<div class=\"wp-block-column is-layout-flow wp-block-column-is-layout-flow\" style=\"border-bottom-width:2px;padding-right:20px;padding-bottom:20px;padding-left:0px\">\n<h2 class=\"wp-block-heading has-text-align-left has-text-color has-link-color wp-elements-baf33b0b4fa04540fc25db3d762b0e6a\" style=\"color:#000000;font-size:clamp(29.768px, 1.861rem + ((1vw - 3.2px) * 2.18), 52px);font-style:normal;font-weight:500\">3.<\/h2>\n\n\n\n<p class=\"has-text-align-left has-text-color has-roboto-serif-font-family\" style=\"color:#000000;font-size:clamp(14px, 0.875rem + ((1vw - 3.2px) * 0.196), 16px);font-style:normal;font-weight:400\">Un support client r\u00e9actif, toujours \u00e0 votre \u00e9coute et disponible.<\/p>\n<\/div>\n<\/div>\n<\/div>\n\n\n\n<div class=\"wp-block-group alignfull has-background has-global-padding is-layout-constrained wp-container-core-group-is-layout-fa1eaeb5 wp-block-group-is-layout-constrained\" style=\"background-color:#ebeadf;margin-top:0;margin-bottom:0;padding-top:120px;padding-bottom:100px\">\n<div class=\"wp-block-media-text has-media-on-the-right is-stacked-on-mobile is-vertically-aligned-center\" style=\"padding-right:100px;grid-template-columns:auto 40%\"><div class=\"wp-block-media-text__content\">\n<h1 class=\"wp-block-heading has-text-color has-raleway-font-family\" style=\"color:#000000;padding-right:60px;font-size:clamp(33.419px, 2.089rem + ((1vw - 3.2px) * 2.606), 60px);font-style:normal;font-weight:500;text-transform:capitalize\">Nos Valeurs, Votre Confiance !<\/h1>\n\n\n\n<p class=\"has-text-color has-roboto-serif-font-family\" style=\"color:#000000;padding-top:0px;padding-right:60px;padding-bottom:50px;font-size:clamp(14px, 0.875rem + ((1vw - 3.2px) * 0.392), 18px);font-style:normal;font-weight:400\">Chez la soci\u00e9t\u00e9 Me Software, nous croyons en l&rsquo;innovation, la transparence et la collaboration. Notre passion pour la technologie nous pousse \u00e0 cr\u00e9er des solutions qui simplifient votre quotidien. Nous valorisons chaque client et nous nous engageons \u00e0 offrir un service exceptionnel, car votre succ\u00e8s est notre priorit\u00e9.<\/p>\n\n\n\n<div class=\"wp-block-buttons has-custom-font-size is-layout-flex wp-block-buttons-is-layout-flex\" style=\"font-size:clamp(14px, 0.875rem + ((1vw - 3.2px) * 0.196), 16px);\">\n<div class=\"wp-block-button\"><a class=\"wp-block-button__link has-text-color has-background has-raleway-font-family has-custom-font-size wp-element-button\" href=\"https:\/\/www.mesoft.ma\/?page_id=201\" style=\"border-radius:0px;color:#ffffff;background-color:#000000;padding-top:15px;padding-right:30px;padding-bottom:15px;padding-left:30px;font-size:clamp(14px, 0.875rem + ((1vw - 3.2px) * 0.196), 16px);font-style:normal;font-weight:500\">Contactez-nous!<\/a><\/div>\n<\/div>\n<\/div><figure class=\"wp-block-media-text__media\"><img decoding=\"async\" src=\"https:\/\/tyler.com\/wp-content\/uploads\/2023\/11\/Fresh-Home-2nd-Sec-Image.jpeg\" alt=\"\" class=\"wp-image-1599 size-full\"\/><\/figure><\/div>\n<\/div>\n\n\n\n<div class=\"wp-block-cover alignfull\" style=\"margin-top:0;margin-bottom:0;min-height:548px;aspect-ratio:unset;\"><img decoding=\"async\" class=\"wp-block-cover__image-background wp-image-1600\" alt=\"\" src=\"https:\/\/tyler.com\/wp-content\/uploads\/2023\/11\/Fresh-Home-3rd-Cover-Image.jpeg\" style=\"object-position:50% 51%\" data-object-fit=\"cover\" data-object-position=\"50% 51%\"\/><span aria-hidden=\"true\" class=\"wp-block-cover__background has-background-dim\"><\/span><div class=\"wp-block-cover__inner-container has-global-padding is-layout-constrained wp-container-core-cover-is-layout-6e824401 wp-block-cover-is-layout-constrained\">\n<div class=\"wp-block-group alignfull has-global-padding is-layout-constrained wp-container-core-group-is-layout-5ff8a92b wp-block-group-is-layout-constrained\" style=\"margin-top:0;margin-bottom:0;padding-top:100px;padding-bottom:100px\">\n<p class=\"has-text-align-center has-text-color has-raleway-font-family\" style=\"color:#ffffff;padding-bottom:50px;font-size:clamp(35.641px, 2.228rem + ((1vw - 3.2px) * 2.878), 65px);font-style:normal;font-weight:500\">Comment Vous Aider ?<\/p>\n\n\n\n<div class=\"wp-block-columns is-layout-flex wp-container-core-columns-is-layout-28f84493 wp-block-columns-is-layout-flex\">\n<div class=\"wp-block-column is-layout-flow wp-block-column-is-layout-flow\">\n<p class=\"has-text-align-center has-text-color has-raleway-font-family\" style=\"color:#ffffff;font-size:clamp(14.082px, 0.88rem + ((1vw - 3.2px) * 0.678), 21px);font-style:normal;font-weight:500\">Solutions RH Efficaces<\/p>\n\n\n\n<p class=\"has-text-align-center has-text-color has-roboto-serif-font-family\" style=\"color:#ffffff;font-size:clamp(14px, 0.875rem + ((1vw - 3.2px) * 0.196), 16px);font-style:normal;font-weight:400\">Optimisez votre gestion des ressources humaines facilement.<\/p>\n<\/div>\n\n\n\n<div class=\"wp-block-column is-layout-flow wp-block-column-is-layout-flow\">\n<p class=\"has-text-align-center has-text-color has-raleway-font-family\" style=\"color:#ffffff;font-size:clamp(14.082px, 0.88rem + ((1vw - 3.2px) * 0.678), 21px);font-style:normal;font-weight:500\">Solutions Financi\u00e8res Pr\u00e9cises<\/p>\n\n\n\n<p class=\"has-text-align-center has-text-color has-roboto-serif-font-family\" style=\"color:#ffffff;font-size:clamp(14px, 0.875rem + ((1vw - 3.2px) * 0.196), 16px);font-style:normal;font-weight:400\">Simplifiez votre gestion financi\u00e8res et suivez vos Budgets facilement.<\/p>\n<\/div>\n\n\n\n<div class=\"wp-block-column is-layout-flow wp-block-column-is-layout-flow\">\n<p class=\"has-text-align-center has-text-color has-raleway-font-family\" style=\"color:#ffffff;font-size:clamp(14.082px, 0.88rem + ((1vw - 3.2px) * 0.678), 21px);font-style:normal;font-weight:500\">Solutions Documentaires Simplifi\u00e9es<\/p>\n\n\n\n<p class=\"has-text-align-center has-text-color has-roboto-serif-font-family\" style=\"color:#ffffff;font-size:clamp(14px, 0.875rem + ((1vw - 3.2px) * 0.196), 16px);font-style:normal;font-weight:400\">G\u00e9rer vos documentaires, Planifiez et suivez vos activit\u00e9s en toute simplicit\u00e9.<\/p>\n<\/div>\n<\/div>\n<\/div>\n<\/div><\/div>\n\n\n\n<div class=\"wp-block-group alignfull has-background has-global-padding is-layout-constrained wp-container-core-group-is-layout-4c3c06d8 wp-block-group-is-layout-constrained\" style=\"background-color:#ebeadf;margin-top:0;margin-bottom:0;padding-top:100px;padding-bottom:120px\">\n<h2 class=\"wp-block-heading has-text-align-center has-text-color has-raleway-font-family\" style=\"color:#000000;font-size:clamp(24.034px, 1.502rem + ((1vw - 3.2px) * 1.565), 40px);font-style:normal;font-weight:500\">Nos Services Cl\u00e9s<\/h2>\n\n\n\n<p class=\"has-text-align-center has-text-color has-link-color has-raleway-font-family wp-elements-d11482a53e9bbb296607dd2b7c239c4b\" style=\"color:#000000;font-size:clamp(14.082px, 0.88rem + ((1vw - 3.2px) * 0.678), 21px);font-style:normal;font-weight:500;line-height:1.5\"><span style=\"text-decoration: underline;\"><a href=\"https:\/\/www.mesoft.ma\/wordpress\/?page_id=38\" data-type=\"page\" data-id=\"38\">D\u00e9couvrez nos solutions sur mesure !<\/a><\/span><\/p>\n\n\n\n<div class=\"wp-block-columns is-layout-flex wp-container-core-columns-is-layout-cda0bc83 wp-block-columns-is-layout-flex\" style=\"padding-top:100px\">\n<div class=\"wp-block-column is-layout-flow wp-block-column-is-layout-flow\" style=\"padding-right:20px;padding-left:20px\">\n<p class=\"has-text-align-center has-text-color has-raleway-font-family\" style=\"color:#000000;font-size:clamp(14.082px, 0.88rem + ((1vw - 3.2px) * 0.678), 21px);font-style:normal;font-weight:500\">D\u00e9veloppement RH<\/p>\n\n\n\n<p class=\"has-text-align-center has-text-color has-raleway-font-family\" style=\"color:#000000;margin-top:0px;font-size:clamp(14.082px, 0.88rem + ((1vw - 3.2px) * 0.678), 21px);font-style:normal;font-weight:400\">\u00c0 partir de 450k DHS<\/p>\n\n\n\n<p class=\"has-text-align-center has-text-color has-roboto-serif-font-family\" style=\"color:#000000;font-size:clamp(14px, 0.875rem + ((1vw - 3.2px) * 0.196), 16px);font-style:normal;font-weight:400\">Nous cr\u00e9ons des outils de gestion RH adapt\u00e9s \u00e0 vos besoins, pour simplifier les processus et am\u00e9liorer l&rsquo;engagement des employ\u00e9s.<\/p>\n\n\n\n<div class=\"wp-block-buttons has-custom-font-size is-content-justification-center is-layout-flex wp-container-core-buttons-is-layout-a89b3969 wp-block-buttons-is-layout-flex\" style=\"font-size:clamp(14px, 0.875rem + ((1vw - 3.2px) * 0.196), 16px);\">\n<div class=\"wp-block-button\"><a class=\"wp-block-button__link has-text-color has-background has-raleway-font-family has-custom-font-size wp-element-button\" href=\"#\" style=\"border-radius:0px;color:#ffffff;background-color:#000000;padding-top:15px;padding-right:30px;padding-bottom:15px;padding-left:30px;font-size:clamp(14px, 0.875rem + ((1vw - 3.2px) * 0.196), 16px);font-style:normal;font-weight:500\">En Savoir Plus<\/a><\/div>\n<\/div>\n<\/div>\n\n\n\n<div class=\"wp-block-column is-layout-flow wp-block-column-is-layout-flow\" style=\"padding-right:20px;padding-left:20px\">\n<p class=\"has-text-align-center has-text-color has-raleway-font-family\" style=\"color:#000000;font-size:clamp(14.082px, 0.88rem + ((1vw - 3.2px) * 0.678), 21px);font-style:normal;font-weight:500\">Solutions Financi\u00e8res<\/p>\n\n\n\n<p class=\"has-text-align-center has-text-color has-raleway-font-family\" style=\"color:#000000;margin-top:0px;font-size:clamp(14.082px, 0.88rem + ((1vw - 3.2px) * 0.678), 21px);font-style:normal;font-weight:400\">\u00c0 partir de 250k DHS<\/p>\n\n\n\n<p class=\"has-text-align-center has-text-color has-roboto-serif-font-family\" style=\"color:#000000;font-size:clamp(14px, 0.875rem + ((1vw - 3.2px) * 0.196), 16px);font-style:normal;font-weight:400\">Nos solutions financi\u00e8res vous aident \u00e0 g\u00e9rer vos budgets et \u00e0 analyser vos d\u00e9penses pour une meilleure prise de d\u00e9cision.<\/p>\n\n\n\n<div class=\"wp-block-buttons has-custom-font-size is-content-justification-center is-layout-flex wp-container-core-buttons-is-layout-a89b3969 wp-block-buttons-is-layout-flex\" style=\"font-size:clamp(14px, 0.875rem + ((1vw - 3.2px) * 0.196), 16px);\">\n<div class=\"wp-block-button\"><a class=\"wp-block-button__link has-text-color has-background has-raleway-font-family has-custom-font-size wp-element-button\" href=\"#\" style=\"border-radius:0px;color:#ffffff;background-color:#000000;padding-top:15px;padding-right:30px;padding-bottom:15px;padding-left:30px;font-size:clamp(14px, 0.875rem + ((1vw - 3.2px) * 0.196), 16px);font-style:normal;font-weight:500\">En Savoir Plus<\/a><\/div>\n<\/div>\n<\/div>\n\n\n\n<div class=\"wp-block-column is-layout-flow wp-block-column-is-layout-flow\" style=\"padding-right:20px;padding-left:20px\">\n<p class=\"has-text-align-center has-text-color has-raleway-font-family\" style=\"color:#000000;font-size:clamp(14.082px, 0.88rem + ((1vw - 3.2px) * 0.678), 21px);font-style:normal;font-weight:500\">Gestion Doc. et activit\u00e9s<\/p>\n\n\n\n<p class=\"has-text-align-center has-text-color has-raleway-font-family\" style=\"color:#000000;margin-top:0px;font-size:clamp(14.082px, 0.88rem + ((1vw - 3.2px) * 0.678), 21px);font-style:normal;font-weight:400\">\u00c0 partir de 700k DHS<\/p>\n\n\n\n<p class=\"has-text-align-center has-text-color has-roboto-serif-font-family\" style=\"color:#000000;font-size:clamp(14px, 0.875rem + ((1vw - 3.2px) * 0.196), 16px);font-style:normal;font-weight:400\">Nous offrons des outils pour G\u00e9rer vos flux Documentaires, planifier, suivre et g\u00e9rer vos activit\u00e9s efficacement, afin d&rsquo;atteindre vos objectifs dans les d\u00e9lais.<\/p>\n\n\n\n<div class=\"wp-block-buttons has-custom-font-size is-content-justification-center is-layout-flex wp-container-core-buttons-is-layout-a89b3969 wp-block-buttons-is-layout-flex\" style=\"font-size:clamp(14px, 0.875rem + ((1vw - 3.2px) * 0.196), 16px);\">\n<div class=\"wp-block-button\"><a class=\"wp-block-button__link has-text-color has-background has-raleway-font-family has-custom-font-size wp-element-button\" href=\"#\" style=\"border-radius:0px;color:#ffffff;background-color:#000000;padding-top:15px;padding-right:30px;padding-bottom:15px;padding-left:30px;font-size:clamp(14px, 0.875rem + ((1vw - 3.2px) * 0.196), 16px);font-style:normal;font-weight:500\">En Savoir Plus<\/a><\/div>\n<\/div>\n<\/div>\n<\/div>\n<\/div>\n\n\n\n<div class=\"wp-block-cover alignfull is-light\" style=\"margin-top:0;margin-bottom:0;padding-top:100px;padding-bottom:100px;min-height:75vh;aspect-ratio:unset;\"><img decoding=\"async\" class=\"wp-block-cover__image-background wp-image-1601\" alt=\"\" src=\"https:\/\/tyler.com\/wp-content\/uploads\/2023\/11\/Fresh-Home-4th-Cover-Image.jpeg\" style=\"object-position:50% 51%\" data-object-fit=\"cover\" data-object-position=\"50% 51%\"\/><span aria-hidden=\"true\" class=\"wp-block-cover__background has-background-dim\"><\/span><div class=\"wp-block-cover__inner-container has-global-padding is-layout-constrained wp-container-core-cover-is-layout-5ff8a92b wp-block-cover-is-layout-constrained\">\n<div class=\"wp-block-columns is-layout-flex wp-container-core-columns-is-layout-28f84493 wp-block-columns-is-layout-flex\">\n<div class=\"wp-block-column is-layout-flow wp-block-column-is-layout-flow\">\n<p class=\"has-text-align-left has-text-color has-raleway-font-family\" style=\"color:#ffffff;padding-bottom:50px;font-size:clamp(24.034px, 1.502rem + ((1vw - 3.2px) * 1.565), 40px);font-style:normal;font-weight:500;line-height:1.3\">Contactez-nous pour des Solutions Informatiques Personnalis\u00e9es et Performantes !<\/p>\n\n\n\n<div class=\"wp-block-buttons has-custom-font-size is-content-justification-left is-layout-flex wp-container-core-buttons-is-layout-fc4fd283 wp-block-buttons-is-layout-flex\" style=\"font-size:clamp(14px, 0.875rem + ((1vw - 3.2px) * 0.196), 16px);\">\n<div class=\"wp-block-button\"><a class=\"wp-block-button__link has-text-color has-background has-raleway-font-family has-custom-font-size wp-element-button\" href=\"https:\/\/www.mesoft.ma\/wordpress\/?page_id=35\" style=\"border-radius:0px;color:#000000;background-color:#f8c761;padding-top:20px;padding-right:50px;padding-bottom:20px;padding-left:50px;font-size:clamp(14px, 0.875rem + ((1vw - 3.2px) * 0.196), 16px);font-style:normal;font-weight:500\">\u00c9crivez-Nous !<\/a><\/div>\n<\/div>\n<\/div>\n\n\n\n<div class=\"wp-block-column is-layout-flow wp-block-column-is-layout-flow\"><\/div>\n<\/div>\n<\/div><\/div>\n\n\n\n<p><\/p>\n\n\n","protected":false},"excerpt":{"rendered":"<p>Voir Plus sur la Solution 1. Une expertise de 27 ans pour des solutions performantes et fiables. 2. Des solutions personnalis\u00e9es, adapt\u00e9es \u00e0 vos besoins sp\u00e9cifiques. 3. Un support client r\u00e9actif, toujours \u00e0 votre \u00e9coute et disponible. Nos Valeurs, Votre Confiance ! Chez la soci\u00e9t\u00e9 Me Software, nous croyons en l&rsquo;innovation, la transparence et la [&hellip;]<\/p>\n","protected":false},"author":1,"featured_media":0,"parent":0,"menu_order":0,"comment_status":"closed","ping_status":"closed","template":"","meta":{"footnotes":"[]"},"class_list":["post-20","page","type-page","status-publish","hentry"],"_links":{"self":[{"href":"https:\/\/www.mesoft.ma\/index.php?rest_route=\/wp\/v2\/pages\/20","targetHints":{"allow":["GET"]}}],"collection":[{"href":"https:\/\/www.mesoft.ma\/index.php?rest_route=\/wp\/v2\/pages"}],"about":[{"href":"https:\/\/www.mesoft.ma\/index.php?rest_route=\/wp\/v2\/types\/page"}],"author":[{"embeddable":true,"href":"https:\/\/www.mesoft.ma\/index.php?rest_route=\/wp\/v2\/users\/1"}],"replies":[{"embeddable":true,"href":"https:\/\/www.mesoft.ma\/index.php?rest_route=%2Fwp%2Fv2%2Fcomments&post=20"}],"version-history":[{"count":34,"href":"https:\/\/www.mesoft.ma\/index.php?rest_route=\/wp\/v2\/pages\/20\/revisions"}],"predecessor-version":[{"id":267,"href":"https:\/\/www.mesoft.ma\/index.php?rest_route=\/wp\/v2\/pages\/20\/revisions\/267"}],"wp:attachment":[{"href":"https:\/\/www.mesoft.ma\/index.php?rest_route=%2Fwp%2Fv2%2Fmedia&parent=20"}],"curies":[{"name":"wp","href":"https:\/\/api.w.org\/{rel}","templated":true}]}}