{"id":40,"date":"2024-11-22T19:57:33","date_gmt":"2024-11-22T19:57:33","guid":{"rendered":"https:\/\/www.mesoft.ma\/wordpress\/?page_id=40"},"modified":"2025-10-19T11:56:19","modified_gmt":"2025-10-19T11:56:19","slug":"notre-societe","status":"publish","type":"page","link":"https:\/\/www.mesoft.ma\/?page_id=40","title":{"rendered":"Notre Soci\u00e9t\u00e9"},"content":{"rendered":"\n<div class=\"wp-block-cover alignfull is-light has-contrast-color has-text-color has-link-color wp-elements-9f098b2247c3c4a60f38cb3b6165666c\" style=\"margin-top:0;margin-bottom:0;padding-top:var(--wp--preset--spacing--60);padding-right:var(--wp--preset--spacing--50);padding-bottom:var(--wp--preset--spacing--60);padding-left:var(--wp--preset--spacing--50)\"><span aria-hidden=\"true\" class=\"wp-block-cover__background has-base-background-color has-background-dim-100 has-background-dim\"><\/span><div class=\"wp-block-cover__inner-container has-global-padding is-layout-constrained wp-container-core-cover-is-layout-873ee6b1 wp-block-cover-is-layout-constrained\">\n<div class=\"wp-block-columns alignwide is-layout-flex wp-container-core-columns-is-layout-7ee84d44 wp-block-columns-is-layout-flex\">\n<div class=\"wp-block-column is-layout-flow wp-block-column-is-layout-flow\" style=\"flex-basis:65%\">\n<div class=\"wp-block-group is-vertical is-content-justification-stretch is-layout-flex wp-container-core-group-is-layout-353c4f5a wp-block-group-is-layout-flex\">\n<p class=\"is-style-default has-accent-3-color has-text-color has-link-color has-x-large-font-size wp-elements-249e95a492415b8e9b72b44bf2c19182\"><strong>Pr\u00e9sentation Me Software <\/strong><\/p>\n\n\n\n<p class=\"has-medium-font-size\"><strong>ME SOFTWARE <\/strong><sub>(<\/sub>Multilingual Engineering Software) est un <strong>\u00e9diteur et int\u00e9grateur de solutions informatiques<\/strong> \u00e9tabli depuis <strong>1993<\/strong>. Forts de plus de <strong>trois d\u00e9cennies d&rsquo;expertise<\/strong>, nous nous positionnons comme un partenaire technologique de confiance, sp\u00e9cialis\u00e9 dans l&rsquo;offre de solutions \u00e9volu\u00e9es et l&rsquo;int\u00e9gration de technologies avanc\u00e9es pour la modernisation des syst\u00e8mes organisationnels.<\/p>\n\n\n\n<p class=\"has-medium-font-size\">Nos missions d\u2019accompagnements des organismes militaires et civils dans leurs projets de r\u00e9novation de syst\u00e8mes organisationnels attestant de notre expertise de longue date et de la qualit\u00e9 \u00e9prouv\u00e9e de nos solutions. Nous leur fournissons des solutions ad\u00e9quates, performantes et enti\u00e8rement int\u00e9gr\u00e9es pour optimiser la gestion, la prise de d\u00e9cision et la s\u00e9curit\u00e9 de leurs op\u00e9rations.<\/p>\n\n\n\n<p class=\"has-medium-font-size\"><strong>Notre Exp\u00e9rience et Notre Engagement<\/strong><\/p>\n\n\n\n<p class=\"has-medium-font-size\">Depuis notre cr\u00e9ation, la qualit\u00e9 de nos services et l&rsquo;efficacit\u00e9 de nos solutions sont attest\u00e9es par nos nombreuses <strong>r\u00e9f\u00e9rences<\/strong> aupr\u00e8s de plusieurs organismes de renom. Cette long\u00e9vit\u00e9 sur le march\u00e9 t\u00e9moigne de notre engagement constant envers l&rsquo;innovation, la fiabilit\u00e9 et la satisfaction client. Nous sommes fiers de contribuer \u00e0 la transformation num\u00e9rique et \u00e0 la s\u00e9curisation des infrastructures de nos partenaires.<\/p>\n\n\n\n<hr class=\"wp-block-separator has-alpha-channel-opacity\"\/>\n\n\n\n<p class=\"has-medium-font-size\"><strong>Domaines d&rsquo;Intervention et Expertise<\/strong><\/p>\n\n\n\n<p class=\"has-medium-font-size\">ME SOFTWARE propose une gamme de solutions et de services couvrant des domaines strat\u00e9giques essentiels pour la performance et la r\u00e9silience de toute organisation.<\/p>\n\n\n\n<p class=\"has-medium-font-size\"><strong>\ud83d\udcca Pilotage et Aide \u00e0 la D\u00e9cision<\/strong><\/p>\n\n\n\n<ul class=\"wp-block-list\">\n<li class=\"has-medium-font-size\"><strong>Tableau de Bord Strat\u00e9gique :<\/strong> Mise en place d&rsquo;outils de pilotage pour le suivi des objectifs \u00e0 long terme et l&rsquo;\u00e9valuation de la performance globale de l&rsquo;organisation.<\/li>\n\n\n\n<li class=\"has-medium-font-size\"><strong>Tableau de Bord de Gestion :<\/strong> Conception de tableaux de bord op\u00e9rationnels pour un suivi quotidien et d\u00e9taill\u00e9 des indicateurs cl\u00e9s (KPIs).<\/li>\n<\/ul>\n\n\n\n<p class=\"is-style-default has-medium-font-size\"><strong>\ud83d\udcc4 Gestion Documentaire et Administration<\/strong><\/p>\n\n\n\n<ul class=\"wp-block-list\">\n<li class=\"has-medium-font-size\"><strong>Gestion \u00c9lectronique des Documents :<\/strong> Solutions compl\u00e8tes pour la d\u00e9mat\u00e9rialisation, l&rsquo;archivage s\u00e9curis\u00e9 et la gestion optimis\u00e9e du cycle de vie des documents.<\/li>\n\n\n\n<li class=\"has-medium-font-size\"><strong>Syst\u00e8me d&rsquo;Information Finance et Administration :<\/strong> Int\u00e9gration de solutions pour la gestion centralis\u00e9e et efficiente des processus financiers, comptables et administratifs.<\/li>\n<\/ul>\n\n\n\n<p class=\"has-medium-font-size\"><strong>\ud83e\uddd1\u200d\ud83d\udcbb Ressources Humaines et Cybers\u00e9curit\u00e9<\/strong><\/p>\n\n\n\n<ul class=\"wp-block-list\">\n<li class=\"has-medium-font-size\"><strong>D\u00e9veloppement de Programme de Cybers\u00e9curit\u00e9 :<\/strong> \u00c9laboration et int\u00e9gration de programmes robustes pour la protection des syst\u00e8mes d&rsquo;information, la d\u00e9tection des menaces et la mise en conformit\u00e9 des infrastructures num\u00e9riques.<\/li>\n<\/ul>\n\n\n\n<ul class=\"wp-block-list\">\n<li class=\"has-medium-font-size\"><strong>Syst\u00e8me d\u2019Information de Ressources Humaines (SIRH) :<\/strong> Plateformes d\u00e9di\u00e9es \u00e0 l&rsquo;optimisation de la gestion du personnel, des carri\u00e8res et des comp\u00e9tences.<\/li>\n<\/ul>\n<\/div>\n<\/div>\n\n\n\n<div class=\"wp-block-column is-layout-flow wp-block-column-is-layout-flow\" style=\"flex-basis:35%\">\n<div class=\"wp-block-group is-vertical is-content-justification-stretch is-nowrap is-layout-flex wp-container-core-group-is-layout-73b0033c wp-block-group-is-layout-flex\">\n<figure class=\"wp-block-image size-full is-resized\"><img loading=\"lazy\" decoding=\"async\" width=\"1024\" height=\"1024\" src=\"https:\/\/www.mesoft.ma\/wordpress\/wp-content\/uploads\/2025\/10\/image-accueil-avec-Mesoftware.png\" alt=\"\" class=\"wp-image-167\" style=\"width:520px;height:auto\" srcset=\"https:\/\/www.mesoft.ma\/wordpress\/wp-content\/uploads\/2025\/10\/image-accueil-avec-Mesoftware.png 1024w, https:\/\/www.mesoft.ma\/wordpress\/wp-content\/uploads\/2025\/10\/image-accueil-avec-Mesoftware-300x300.png 300w, https:\/\/www.mesoft.ma\/wordpress\/wp-content\/uploads\/2025\/10\/image-accueil-avec-Mesoftware-150x150.png 150w, https:\/\/www.mesoft.ma\/wordpress\/wp-content\/uploads\/2025\/10\/image-accueil-avec-Mesoftware-768x768.png 768w\" sizes=\"auto, (max-width: 1024px) 100vw, 1024px\" \/><\/figure>\n<\/div>\n<\/div>\n<\/div>\n<\/div><\/div>\n\n\n\n<p><\/p>\n","protected":false},"excerpt":{"rendered":"","protected":false},"author":1,"featured_media":0,"parent":0,"menu_order":0,"comment_status":"closed","ping_status":"closed","template":"","meta":{"footnotes":""},"class_list":["post-40","page","type-page","status-publish","hentry"],"_links":{"self":[{"href":"https:\/\/www.mesoft.ma\/index.php?rest_route=\/wp\/v2\/pages\/40","targetHints":{"allow":["GET"]}}],"collection":[{"href":"https:\/\/www.mesoft.ma\/index.php?rest_route=\/wp\/v2\/pages"}],"about":[{"href":"https:\/\/www.mesoft.ma\/index.php?rest_route=\/wp\/v2\/types\/page"}],"author":[{"embeddable":true,"href":"https:\/\/www.mesoft.ma\/index.php?rest_route=\/wp\/v2\/users\/1"}],"replies":[{"embeddable":true,"href":"https:\/\/www.mesoft.ma\/index.php?rest_route=%2Fwp%2Fv2%2Fcomments&post=40"}],"version-history":[{"count":8,"href":"https:\/\/www.mesoft.ma\/index.php?rest_route=\/wp\/v2\/pages\/40\/revisions"}],"predecessor-version":[{"id":168,"href":"https:\/\/www.mesoft.ma\/index.php?rest_route=\/wp\/v2\/pages\/40\/revisions\/168"}],"wp:attachment":[{"href":"https:\/\/www.mesoft.ma\/index.php?rest_route=%2Fwp%2Fv2%2Fmedia&parent=40"}],"curies":[{"name":"wp","href":"https:\/\/api.w.org\/{rel}","templated":true}]}}